{"id":20,"date":"2013-09-05T17:46:19","date_gmt":"2013-09-05T15:46:19","guid":{"rendered":"http:\/\/uinnberlinhostel.com\/de\/?page_id=20"},"modified":"2015-06-22T16:48:34","modified_gmt":"2015-06-22T14:48:34","slug":"berlin","status":"publish","type":"page","link":"https:\/\/uinnberlinhostel.com\/de\/berlin\/","title":{"rendered":"Berlin"},"content":{"rendered":"<p>In unserem authentischen Hostel erlebst Du einfach mehr Berlin! Denn der echte Berliner wohnt nicht am Alexanderplatz sondern er lebt in seinem Kiez, zwischen Sp\u00e4tis, Vintage Shops und Bars in einem von B\u00e4umen ges\u00e4umten Str\u00e4\u00dfchen. Hier kostet das Bier 1,50\u20ac und das Berghain ist locker zu Fu\u00df erreichbar. Mit einem unserer nagelneuen Fahrr\u00e4der kannst Du ganz ohne Stress die wichtigsten Sight-Seeing-Spots erkunden oder nach nur 5 U-Bahn Stops zum Alexanderplatz gelangen und an einer der angebotenen Touren teilnehmen.<\/p>\n<p style=\"text-align: justify;\">Wer sich dann aufmacht unseren Kiez zu erkunden, der wird zahlreichen Vintage L\u00e4den, liebevoll eingerichteten Kaffees, Yoga Schulen, kleinen Flohm\u00e4rten, unterschiedlichsten Kebab-Buden, urigen Bars und Biol\u00e4den und immer neuen Einzigartigkeiten begegnen. Was kann man machen, wo sollte man hin, was ist angesagt!?<\/p>\n<ul class=\"tabs\">\n<li><a href=\"#\">Reisef\u00fchrer<\/a><\/li>\n<li><a href=\"#\">Nachtleben<\/a><\/li>\n<li><a href=\"#\">Free Tour<\/a><\/li>\n<\/ul>\n<div class=\"panes\">\n<h2 style=\"text-align: justify;\">Wir zeigen Euch unser Berlin<\/h2>\n<p style=\"text-align: justify;\"><img decoding=\"async\" class=\"alignleft  wp-image-2010\" title=\"U inn Berlin Hostel Friedrichshain Brandenburger Tor\" src=\"http:\/\/uinnberlinhostel.com\/wp-content\/uploads\/2012\/06\/DSCN2353-150x150.jpg\" alt=\"U inn Berlin Hostel Friedrichshain Brandenburger Tor\" \/>Gr\u00fcn im Sommer &#8211; wei\u00df im Winter. B\u00e4ume und Parkanlagen durchziehen ganz Berlin. Getrennt ist die Stadt durch ihre Bezirke \u2013 man kann nicht von einem Stadtzentrum sprechen, sondern jeder einzelne Bezirk gibt Berlin eine spezielle Note. Kreuzberg, der westberliner Multikulti \u2013 Bezirk war einst durch die Mauer getrennt von Berlin &#8211; Mitte, welches jetzt in neuem Glanz voller Fashion &#8211; Shops die Touristen aller Welt anzieht.<\/p>\n<h2 style=\"text-align: justify;\">Geschichte und Nachtleben<\/h2>\n<p style=\"text-align: justify;\"><img decoding=\"async\" class=\"alignleft  wp-image-2009\" style=\"margin-bottom: 40px;\" title=\"U inn Berlin Hostel Friedrichshain Berlin Street Art\" src=\"http:\/\/uinnberlinhostel.com\/wp-content\/uploads\/2012\/06\/DSCN3690-150x150.jpg\" alt=\"U inn Berlin Hostel Friedrichshain Berlin Street Art\" \/>In den ostberliner Szenebezirken Prenzlauer Berg und Friedrichshain pr\u00e4gen noch immer v\u00f6llig heruntergekommene H\u00e4user neben den nach der Wende komplett durchsanierten Geb\u00e4uden das Stra\u00dfenbild. In Berlin kann man Geschichte live erleben oder sich ins Nachtleben st\u00fcrzen und am n\u00e4chsten Morgen in einer der vielen Afterhour Locations wieder zu sich kommen. Nirgendwo liegen Geschichte und Gegenwart, Party, Spa\u00df und aber auch Erinnerung so nahe beieinander wie hier.<\/p>\n<\/div>\n<div class=\"panes\">\n<h2 style=\"text-align: justify;\"><a name=\"Nachtleben\"><\/a>U inn Berlin Hostel mitten im Nachtleben<\/h2>\n<p style=\"text-align: justify;\">W\u00e4re es \u00fcbertrieben, wenn man Berlin Hauptstadt der Nachtschw\u00e4rmer nennt? Wahrscheinlich nicht. In keiner anderen Stadt dreht es sich mehr ums Ausgehen als in Berlin. Hier ein neuer Club, dort eine neue Partyreihe und die Location vom letzten Wochenende gibt es schon nicht mehr. Stetiger Wandel. Selbst Hartgesottene Partyg\u00e4nger verlieren da schon mal den \u00dcberblick. Wo am Wochenende wieder in einem besetzten Haus eine Party steigt oder in welchem Park am Sonntag geraved und gefeiert wird, erfahrt ihr bei uns an der Rezeption. Aber um einen kleinen Vorgeschmack zu bieten, hier ein paar Clubs.<\/p>\n<h2>Berghain &#8211; Panorama Bar<\/h2>\n<h2><img decoding=\"async\" class=\" wp-image-2013 alignleft\" style=\"margin-top: 10px; margin-bottom: 60px;\" title=\"U inn Berlin Hostel Friedrichshian Berghain Panorama Bar\" src=\"http:\/\/uinnberlinhostel.com\/wp-content\/uploads\/2012\/06\/club.berghain.gif\" alt=\"U inn Berlin Hostel Friedrichshian Berghain Panorama Bar\" \/><\/h2>\n<p style=\"text-align: justify;\">Das Berghain, der unbestrittene Stern am Clubhimmel. Von \u00fcberall auf der Welt kommen sie nach Berlin, um in den heiligen Hallen des Technos zu tanzen. Deswegen ist das Publikum recht international, ideal wenn man seine spanischkenntnisse auffrischen will. Doch Vorsicht: An der T\u00fcr erwartet den einen oder anderen noch eine \u00dcberraschung.<\/p>\n<h2>Tresor &#8211; Globus<\/h2>\n<h2><\/h2>\n<p style=\"text-align: justify;\"><img decoding=\"async\" class=\"alignleft  wp-image-2012\" style=\"margin-top: 10px; margin-bottom: 40px;\" title=\"U inn Berlin Hostel Friedrichshian Tresor\" src=\"http:\/\/uinnberlinhostel.com\/wp-content\/uploads\/2012\/06\/club.tresor-e1348077473623.jpg\" alt=\"\" \/>Altehrw\u00fcrdig steht er da, ein Monument der Technokultur. Hier hat alles angefangen. Jeder der im Techno einen Namen hat, war schon einmal im Tresor. Aber die Zeiten \u00e4ndern sich. Ob der Tresor es schafft, sich in Zukunft wieder seinen Rang zur\u00fcckzuerobern.. man wird es sehen. Trotzdem immer noch einen Besuch wert.<\/p>\n<h2>Magnet Club<\/h2>\n<h2><img decoding=\"async\" class=\"wp-image-2011 alignleft\" title=\"U inn Berlin Hostel Friedrichshian Magnet Club\" src=\"http:\/\/uinnberlinhostel.com\/wp-content\/uploads\/2012\/06\/club.magnet.jpg\" alt=\"U inn Berlin Hostel Friedrichshian Magnet Club\" \/><\/h2>\n<p style=\"text-align: justify;\">Die Zeiten \u00e4ndern sich. Fr\u00fcher zog es die Jugend in die Technotempel, heute m\u00f6gen sie es kleiner. Bunt ist hier angesagt. Neo\/New Rave, TrashPop und Rock wird hier bedient.<\/p>\n<h2>Club der Vision\u00e4re<\/h2>\n<p>Die Chill-Out Area von Kreuzberg. Gegen abend zieht es die Berliner ans Wasser und wo k\u00f6nnte man dem k\u00fchlen Nass n\u00e4her sein, als in einer Bar auf dem Wasser. Besonders am Sonntag ist es hier gerammelt voll. Auf der Suche nach der besten After-Hour landet man recht oft im CdV.<img decoding=\"async\" class=\"alignright  wp-image-2014\" title=\"U inn Berlin Hostel Friedrichshian Club der Visionaere\" src=\"http:\/\/uinnberlinhostel.com\/wp-content\/uploads\/2012\/06\/club.cdv_.png\" alt=\"U inn Berlin Hostel Friedrichshian Club der Visionaere\" \/><\/p>\n<h2 style=\"text-align: justify;\"><\/h2>\n<\/div>\n<div class=\"panes\">\n<h2 style=\"text-align: justify;\"><a name=\"Free Tours\"><\/a>Berlin Tour Guide<\/h2>\n<p style=\"text-align: justify;\"><img decoding=\"async\" class=\"alignleft  wp-image-2016\" title=\"U inn Berlin Hostel Friedrichshian Tour Guide\" src=\"http:\/\/uinnberlinhostel.com\/wp-content\/uploads\/2012\/06\/DSCN2355-150x150.jpg\" alt=\"U inn Berlin Hostel Friedrichshian Tour Guide\" \/>In Berlin gibt es viel zu entdecken. Vom Brandenburger Tor und dem Reichstag bis hin zur East-Side Gallery und dem Tacheles. Geschichte und alte Steine oder wildes Gro\u00dfstadtleben und Stra\u00dfenkunst. Aber es ist nicht immer einfach, alles zu finden. Die meiste Zeit vergeudet man mit der Suche nach den besonderen Gegenden. Dabei hat man oft nur ein Wochenende Zeit.<\/p>\n<h2 style=\"text-align: justify;\">Welche Free Tour ist die Richtige F\u00fcr Dich?<\/h2>\n<p style=\"text-align: justify;\">Abhilfe schaffen die vielen &#8222;Free Tours&#8220; auf denen ihr entweder im Eiltempo oder in aller Ausf\u00fchrlichkeit Berlin entdecken k\u00f6nnt. Aber welche Tour passt zu Euch? Oftmals sind die Touren unterschiedlich, genauso wie Berlin viele unterschiedliche Seiten zu bieten hat. Um Euch die Suche etwas leichter zu machen, hier ein kleiner \u00dcberblick.<\/p>\n<h3 style=\"text-align: justify;\">Vive Berlin<\/h3>\n<p style=\"text-align: justify;\"><img decoding=\"async\" class=\"alignleft  wp-image-2017\" title=\"U inn Berlin Hostel Friedrichshian Vive Berlin Tour\" src=\"http:\/\/uinnberlinhostel.com\/wp-content\/uploads\/2012\/06\/vive-berlin-logo-150x150.jpg\" alt=\"U inn Berlin Hostel Friedrichshian Vive Berlin Tour\" \/>Bei Vive Berlin erfahrt ihr die Hintergr\u00fcnde der unverzichtbaren Wahrzeichen Berlins! Ob Potsdamer Platz, Reichstag oder Checkpoint Charlie, alles Geb\u00e4ude und Orte, die praktisch jeder kennt. Doch was sind die Geheimnisse hinter diesen Orten? Treffpunkt aller Touren ist der Eingangsbereich vor dem Potsdamer Platz 10 vor dem Caf\u00e9 Balzac.<br \/>\n<a href=\"http:\/\/www.viveberlintours.de\/\" target=\"_blank\">www.viveberlintours.de<\/a><\/p>\n<h3 style=\"text-align: justify;\">Alternative Berlin<\/h3>\n<p style=\"text-align: justify;\"><img decoding=\"async\" class=\"alignleft  wp-image-2018\" title=\"U inn Berlin Hostel Friedrichshain Alternative Berlin Tour\" src=\"http:\/\/uinnberlinhostel.com\/wp-content\/uploads\/2012\/06\/alternative-berlin-e1348076665661.jpg\" alt=\"U inn Berlin Hostel Friedrichshain Alternative Berlin Tour\" \/>W\u00e4hrend die meisten &#8222;Free Tours&#8220; sich auf das touristische Berlin konzentrieren, bekommt man bei Alternative Berlin &#8222;Volle Kanne&#8220; Streetlife, Street Art, besetze H\u00e4user und Party geboten.<br \/>\n<a href=\"http:\/\/www.alternativeberlin.com\" target=\"_blank\">www.alternativeberlin.com<\/a><\/p>\n<h3 style=\"text-align: justify;\">Finding Berlin Bike Tour<\/h3>\n<p style=\"text-align: justify;\"><img decoding=\"async\" class=\"alignleft  wp-image-2019\" style=\"margin-left: 30px; margin-right: 30px; margin-bottom: 60px;\" title=\"U inn Berlin Hostel Friedrichshain Finding Berlin Bike Tour\" src=\"http:\/\/uinnberlinhostel.com\/wp-content\/uploads\/2012\/06\/FB-Tours-Logo-NEU.jpg\" alt=\"U inn Berlin Hostel Friedrichshain Finding Berlin Bike Tour\" \/>Mit dem Fahrrad durch Berlin! Nicht nur f\u00fcr die Sportlichen unter euch, sondern f\u00fcr alle, die Berlin einmal anders erkunden wollen. Die Finding-Berlin-Tour nimmt euch mit auf eine Reise in das echte Berlin. Entdecke die Orte die so viele fasziniert und dazu bewegt haben hier in Berlin zu bleiben. Martin, Euer Guide, der sich auch mit viel Liebe um die Classic-Vintage-Bikes k\u00fcmmert, begibt sich mit euch auf eine 4h Tour durch X-Berg, F-Hain und P-Berg<br \/>\n<a href=\"http:\/\/www.findingberlin-tours.com\" target=\"_blank\">www.findingberlin-tours.com<\/a><\/p>\n<h3 style=\"text-align: justify;\">New Berlin Tour<\/h3>\n<p style=\"text-align: justify;\"><img decoding=\"async\" class=\"alignleft  wp-image-2020\" title=\"U inn Berlin Hostel Friedrichshain New Berlin Tour\" src=\"http:\/\/uinnberlinhostel.com\/wp-content\/uploads\/2012\/06\/new-berlin-tour-e1348077022156.jpg\" alt=\"U inn Berlin Hostel Friedrichshain New Berlin Tour\" \/>Ihr kennt sie bestimmt, Sie sind \u00fcberall in Europa anzutreffen, haben in praktisch jeder gr\u00f6\u00dferen Stadt ihre Fu\u00dfabdr\u00fccke hinterlassen. Professionelles Sightseeing.<br \/>\n<a href=\"http:\/\/www.newberlintours.com\/\" target=\"_blank\">www.newberlintours.com<\/a><\/p>\n<\/div>\n","protected":false},"excerpt":{"rendered":"<p>In unserem authentischen Hostel erlebst Du einfach mehr Berlin! Denn der echte Berliner wohnt nicht am Alexanderplatz sondern er lebt in seinem Kiez, zwischen Sp\u00e4tis, Vintage Shops und Bars in einem von B\u00e4umen ges\u00e4umten Str\u00e4\u00dfchen. Hier kostet das Bier 1,50\u20ac &hellip; <a href=\"https:\/\/uinnberlinhostel.com\/de\/berlin\/\">Weiterlesen <span class=\"meta-nav\">&rarr;<\/span><\/a><\/p>\n","protected":false},"author":1,"featured_media":0,"parent":0,"menu_order":0,"comment_status":"closed","ping_status":"closed","template":"","meta":{"footnotes":""},"class_list":["post-20","page","type-page","status-publish","hentry"],"yoast_head":"<!-- This site is optimized with the Yoast SEO plugin v17.1 - https:\/\/yoast.com\/wordpress\/plugins\/seo\/ -->\n<title>Der U inn Berlin Hostel Insider Reisef\u00fchrer durch Berlin<\/title>\n<meta name=\"description\" content=\"Berlin ist zusammengewachsen und dieser Prozess brachte und bringt eine Dynamik mit sich, die man als Besucher oder Bewohner jederzeit sp\u00fcren kann.\" \/>\n<meta name=\"robots\" content=\"index, follow, max-snippet:-1, max-image-preview:large, max-video-preview:-1\" \/>\n<link rel=\"canonical\" href=\"https:\/\/uinnberlinhostel.com\/de\/berlin\/\" \/>\n<meta property=\"og:locale\" content=\"de_DE\" \/>\n<meta property=\"og:type\" content=\"article\" \/>\n<meta property=\"og:title\" content=\"Der U inn Berlin Hostel Insider Reisef\u00fchrer durch Berlin\" \/>\n<meta property=\"og:description\" content=\"Berlin ist zusammengewachsen und dieser Prozess brachte und bringt eine Dynamik mit sich, die man als Besucher oder Bewohner jederzeit sp\u00fcren kann.\" \/>\n<meta property=\"og:url\" content=\"https:\/\/uinnberlinhostel.com\/de\/berlin\/\" \/>\n<meta property=\"og:site_name\" content=\"U inn Berlin Hostel DE\" \/>\n<meta property=\"article:publisher\" content=\"https:\/\/www.facebook.com\/berlinhostel\" \/>\n<meta property=\"article:modified_time\" content=\"2015-06-22T14:48:34+00:00\" \/>\n<meta property=\"og:image\" content=\"http:\/\/uinnberlinhostel.com\/wp-content\/uploads\/2012\/06\/DSCN2353-150x150.jpg\" \/>\n<meta name=\"twitter:card\" content=\"summary\" \/>\n<meta name=\"twitter:site\" content=\"@uinnberlin\" \/>\n<meta name=\"twitter:label1\" content=\"Gesch\u00e4tzte Lesezeit\" \/>\n\t<meta name=\"twitter:data1\" content=\"5\u00a0Minuten\" \/>\n<script type=\"application\/ld+json\" class=\"yoast-schema-graph\">{\"@context\":\"https:\/\/schema.org\",\"@graph\":[{\"@type\":\"WebSite\",\"@id\":\"https:\/\/uinnberlinhostel.com\/de\/#website\",\"url\":\"https:\/\/uinnberlinhostel.com\/de\/\",\"name\":\"U inn Berlin Hostel DE\",\"description\":\"Dein preiswertes Hostel in Berlin Friedrichshian\",\"potentialAction\":[{\"@type\":\"SearchAction\",\"target\":{\"@type\":\"EntryPoint\",\"urlTemplate\":\"https:\/\/uinnberlinhostel.com\/de\/?s={search_term_string}\"},\"query-input\":\"required name=search_term_string\"}],\"inLanguage\":\"de\"},{\"@type\":\"ImageObject\",\"@id\":\"https:\/\/uinnberlinhostel.com\/de\/berlin\/#primaryimage\",\"inLanguage\":\"de\",\"url\":\"http:\/\/uinnberlinhostel.com\/wp-content\/uploads\/2012\/06\/DSCN2353-150x150.jpg\",\"contentUrl\":\"http:\/\/uinnberlinhostel.com\/wp-content\/uploads\/2012\/06\/DSCN2353-150x150.jpg\"},{\"@type\":\"WebPage\",\"@id\":\"https:\/\/uinnberlinhostel.com\/de\/berlin\/#webpage\",\"url\":\"https:\/\/uinnberlinhostel.com\/de\/berlin\/\",\"name\":\"Der U inn Berlin Hostel Insider Reisef\\u00fchrer durch Berlin\",\"isPartOf\":{\"@id\":\"https:\/\/uinnberlinhostel.com\/de\/#website\"},\"primaryImageOfPage\":{\"@id\":\"https:\/\/uinnberlinhostel.com\/de\/berlin\/#primaryimage\"},\"datePublished\":\"2013-09-05T15:46:19+00:00\",\"dateModified\":\"2015-06-22T14:48:34+00:00\",\"description\":\"Berlin ist zusammengewachsen und dieser Prozess brachte und bringt eine Dynamik mit sich, die man als Besucher oder Bewohner jederzeit sp\\u00fcren kann.\",\"breadcrumb\":{\"@id\":\"https:\/\/uinnberlinhostel.com\/de\/berlin\/#breadcrumb\"},\"inLanguage\":\"de\",\"potentialAction\":[{\"@type\":\"ReadAction\",\"target\":[\"https:\/\/uinnberlinhostel.com\/de\/berlin\/\"]}]},{\"@type\":\"BreadcrumbList\",\"@id\":\"https:\/\/uinnberlinhostel.com\/de\/berlin\/#breadcrumb\",\"itemListElement\":[{\"@type\":\"ListItem\",\"position\":1,\"name\":\"Home\",\"item\":\"https:\/\/uinnberlinhostel.com\/de\/\"},{\"@type\":\"ListItem\",\"position\":2,\"name\":\"Berlin\"}]}]}<\/script>\n<!-- \/ Yoast SEO plugin. -->","yoast_head_json":{"title":"Der U inn Berlin Hostel Insider Reisef\u00fchrer durch Berlin","description":"Berlin ist zusammengewachsen und dieser Prozess brachte und bringt eine Dynamik mit sich, die man als Besucher oder Bewohner jederzeit sp\u00fcren kann.","robots":{"index":"index","follow":"follow","max-snippet":"max-snippet:-1","max-image-preview":"max-image-preview:large","max-video-preview":"max-video-preview:-1"},"canonical":"https:\/\/uinnberlinhostel.com\/de\/berlin\/","og_locale":"de_DE","og_type":"article","og_title":"Der U inn Berlin Hostel Insider Reisef\u00fchrer durch Berlin","og_description":"Berlin ist zusammengewachsen und dieser Prozess brachte und bringt eine Dynamik mit sich, die man als Besucher oder Bewohner jederzeit sp\u00fcren kann.","og_url":"https:\/\/uinnberlinhostel.com\/de\/berlin\/","og_site_name":"U inn Berlin Hostel DE","article_publisher":"https:\/\/www.facebook.com\/berlinhostel","article_modified_time":"2015-06-22T14:48:34+00:00","og_image":[{"url":"http:\/\/uinnberlinhostel.com\/wp-content\/uploads\/2012\/06\/DSCN2353-150x150.jpg"}],"twitter_card":"summary","twitter_site":"@uinnberlin","twitter_misc":{"Gesch\u00e4tzte Lesezeit":"5\u00a0Minuten"},"schema":{"@context":"https:\/\/schema.org","@graph":[{"@type":"WebSite","@id":"https:\/\/uinnberlinhostel.com\/de\/#website","url":"https:\/\/uinnberlinhostel.com\/de\/","name":"U inn Berlin Hostel DE","description":"Dein preiswertes Hostel in Berlin Friedrichshian","potentialAction":[{"@type":"SearchAction","target":{"@type":"EntryPoint","urlTemplate":"https:\/\/uinnberlinhostel.com\/de\/?s={search_term_string}"},"query-input":"required name=search_term_string"}],"inLanguage":"de"},{"@type":"ImageObject","@id":"https:\/\/uinnberlinhostel.com\/de\/berlin\/#primaryimage","inLanguage":"de","url":"http:\/\/uinnberlinhostel.com\/wp-content\/uploads\/2012\/06\/DSCN2353-150x150.jpg","contentUrl":"http:\/\/uinnberlinhostel.com\/wp-content\/uploads\/2012\/06\/DSCN2353-150x150.jpg"},{"@type":"WebPage","@id":"https:\/\/uinnberlinhostel.com\/de\/berlin\/#webpage","url":"https:\/\/uinnberlinhostel.com\/de\/berlin\/","name":"Der U inn Berlin Hostel Insider Reisef\u00fchrer durch Berlin","isPartOf":{"@id":"https:\/\/uinnberlinhostel.com\/de\/#website"},"primaryImageOfPage":{"@id":"https:\/\/uinnberlinhostel.com\/de\/berlin\/#primaryimage"},"datePublished":"2013-09-05T15:46:19+00:00","dateModified":"2015-06-22T14:48:34+00:00","description":"Berlin ist zusammengewachsen und dieser Prozess brachte und bringt eine Dynamik mit sich, die man als Besucher oder Bewohner jederzeit sp\u00fcren kann.","breadcrumb":{"@id":"https:\/\/uinnberlinhostel.com\/de\/berlin\/#breadcrumb"},"inLanguage":"de","potentialAction":[{"@type":"ReadAction","target":["https:\/\/uinnberlinhostel.com\/de\/berlin\/"]}]},{"@type":"BreadcrumbList","@id":"https:\/\/uinnberlinhostel.com\/de\/berlin\/#breadcrumb","itemListElement":[{"@type":"ListItem","position":1,"name":"Home","item":"https:\/\/uinnberlinhostel.com\/de\/"},{"@type":"ListItem","position":2,"name":"Berlin"}]}]}},"_links":{"self":[{"href":"https:\/\/uinnberlinhostel.com\/de\/wp-json\/wp\/v2\/pages\/20","targetHints":{"allow":["GET"]}}],"collection":[{"href":"https:\/\/uinnberlinhostel.com\/de\/wp-json\/wp\/v2\/pages"}],"about":[{"href":"https:\/\/uinnberlinhostel.com\/de\/wp-json\/wp\/v2\/types\/page"}],"author":[{"embeddable":true,"href":"https:\/\/uinnberlinhostel.com\/de\/wp-json\/wp\/v2\/users\/1"}],"replies":[{"embeddable":true,"href":"https:\/\/uinnberlinhostel.com\/de\/wp-json\/wp\/v2\/comments?post=20"}],"version-history":[{"count":6,"href":"https:\/\/uinnberlinhostel.com\/de\/wp-json\/wp\/v2\/pages\/20\/revisions"}],"predecessor-version":[{"id":282,"href":"https:\/\/uinnberlinhostel.com\/de\/wp-json\/wp\/v2\/pages\/20\/revisions\/282"}],"wp:attachment":[{"href":"https:\/\/uinnberlinhostel.com\/de\/wp-json\/wp\/v2\/media?parent=20"}],"curies":[{"name":"wp","href":"https:\/\/api.w.org\/{rel}","templated":true}]}}