{"id":18,"date":"2013-09-05T17:44:36","date_gmt":"2013-09-05T15:44:36","guid":{"rendered":"http:\/\/uinnberlinhostel.com\/de\/?page_id=18"},"modified":"2022-11-22T11:50:34","modified_gmt":"2022-11-22T09:50:34","slug":"service","status":"publish","type":"page","link":"https:\/\/uinnberlinhostel.com\/de\/service\/","title":{"rendered":"Service"},"content":{"rendered":"<ul class=\"tabs\">\n<li style=\"list-style-type: none;\">\n<ul class=\"tabs\">\n<li><a href=\"#Service\">Service<\/a><\/li>\n<li><a href=\"#Umweltbeitrag\">Umweltbeitrag<\/a><\/li>\n<\/ul>\n<\/li>\n<\/ul>\n<p><!--\n \t\n\n<li><a href=\"#Events\">Events<\/a><\/li>\n\n\n--><\/p>\n<div class=\"panes\">\n<h2>Kostenlos<\/h2>\n<ul>\n<li>Kostenloses WiFi im gesamten Hostel<\/li>\n<li>Gep\u00e4ckaufbewahrung im Hostel ab 7:30 Uhr<\/li>\n<li>Kostenlose City Touren<\/li>\n<li>Kleine Hostel Bibliothek mit Lonely Planets aus der ganzen Welt<\/li>\n<li>Leselampen an jedem Bett<\/li>\n<li>24h Saubere und Warme Duschen<\/li>\n<li>Abschlie\u00dfbare Schr\u00e4nke in den Zimmern<\/li>\n<li>Komplett ausgestattete Hostel-K\u00fcche<\/li>\n<li>24h Zugang zum Hostel<\/li>\n<li>Easy Check-In 15-23:00 Uhr<\/li>\n<li>Sp\u00e4ter Check-Out 11:00 Uhr<\/li>\n<li>Nichtraucher Hostel<\/li>\n<\/ul>\n<h2>Unsere Angebote<\/h2>\n<ul>\n<li>Fahrradverleih f\u00fcr nur 10,00\u0080<\/li>\n<li>Handtuchverleih f\u00fcr 1,50\u0080<\/li>\n<\/ul>\n<\/div>\n<div class=\"panes\">\n<h2>U inn the World<\/h2>\n<p>Der U inn Berlin Hostel Umweltbeitrag<\/p>\n<p>F\u00fcr die meisten von uns ist das Reisen eine gro\u00dfartige Erfahrung, aber leider haben viele Aspekte unseres modernen Lebens einen negativen Einfluss auf unseren Planeten. Wir f\u00fchlen uns der Umwelt gegen\u00fcber verantwortlich und setzen uns f\u00fcr sie ein: in unserem privaten und gesch\u00e4ftlichen Leben, wenn man das \u00fcberhaupt trennen kann.<\/p>\n<ul>\n<li>100% Gr\u00fcner Strom aus erneuerbaren Energieressourcen<\/li>\n<li>Co2 Ausgleich im gesamten Hostel, inkl. KFZ<\/li>\n<li>Umweltfreundliche Reinigungsmittel<\/li>\n<li>Umweltfreundliche Waschmittel, Bettw\u00e4sche und gr\u00fcner Strom unserer W\u00e4scherei (F\u00fcr Allergiker geeignet)<\/li>\n<li>100% Recycling-Druckpapier, Toilettenpapier und Papierhandt\u00fccher<\/li>\n<li>Biologisch abbaubare M\u00fcllt\u00fcten<\/li>\n<\/ul>\n<h2><\/h2>\n<\/div>\n<p><!--\n\n\n<div class=\"panes\">\n\n\n<h2 style=\"text-align: justify;\">Veranstaltungen, Events und Konzerte<\/h2>\n\n\n\n\n<p style=\"text-align: justify;\">Hier findet ihr Informationen \u00fcber Events, Veranstaltungen und Konzerte in und um Berlin. Gerade Berlins Bezirke Friedrichshain und Kreuzberg in welchem das U inn Berlin Hostel liegt, sind ber\u00fchmt f\u00fcr ihr Nachtleben aber auch f\u00fcr die vielen Konzerte und Stra\u00dfenfeste. Hier werdet ihr zu jeder Jahreszeit Abwechslung finden.<\/p>\n\n\n\n\n\n<h3>Veranstaltungen im April<\/h3>\n\n\n\n\n<ul>\n \t\n\n<li>achtung Berlin - Das Filmfestival<\/li>\n\n\n \t\n\n<li>Justin Timberlake\u00a0 O2 World Berlin<\/li>\n\n\n \t\n\n<li>Punk &amp; Disorderly Festival @ Astra Berlin<\/li>\n\n\n \t\n\n<li>Kaiser Chiefs @ Kesselhaus Berlin<\/li>\n\n\n \t\n\n<li>Materia @ Max Schmeling Halle<\/li>\n\n\n<\/ul>\n\n\n\n\n<h3>Veranstaltungen im Mai<\/h3>\n\n\n\n\n<ul>\n \t\n\n<li>Gallery Weekend Berlin 2014<\/li>\n\n\n \t\n\n<li>ILA 2014<\/li>\n\n\n \t\n\n<li>Robbie Williams @ O2 World Berlin<\/li>\n\n\n \t\n\n<li>The Sisters of Mercy @ Columbiahalle<\/li>\n\n\n \t\n\n<li>DFB Pokalfinale @ Olympiastadion Berlin<\/li>\n\n\n \t\n\n<li>Nine Inch Nails @ Zitadelle<\/li>\n\n\n \t\n\n<li>Tangerine Dream @ Admiralspalast<\/li>\n\n\n<\/ul>\n\n\n\n\n<h3>Veranstaltungen im Juni<\/h3>\n\n\n\n\n<ul>\n \t\n\n<li>Arctic Monkeys @ Zitadelle<\/li>\n\n\n \t\n\n<li>Black Sabbath @ Wuhlheide<\/li>\n\n\n \t\n\n<li>Aerosmith @ O2 World Berlin<\/li>\n\n\n \t\n\n<li>Flogging Molly @ Astra Kulturhaus<\/li>\n\n\n \t\n\n<li>Christopher Streed Day<\/li>\n\n\n \t\n\n<li>F\u00eate de la Musique<\/li>\n\n\n \t\n\n<li>Limp Bizkit @ Columbiahalle Berlin<\/li>\n\n\n \t\n\n<li>Rod Steward @ O2 World Berlin<\/li>\n\n\n<\/ul>\n\n\n<\/div>\n\n\n--><\/p>\n","protected":false},"excerpt":{"rendered":"<p>Service Umweltbeitrag Kostenlos Kostenloses WiFi im gesamten Hostel Gep\u00e4ckaufbewahrung im Hostel ab 7:30 Uhr Kostenlose City Touren Kleine Hostel Bibliothek mit Lonely Planets aus der ganzen Welt Leselampen an jedem Bett 24h Saubere und Warme Duschen Abschlie\u00dfbare Schr\u00e4nke in den &hellip; <a href=\"https:\/\/uinnberlinhostel.com\/de\/service\/\">Weiterlesen <span class=\"meta-nav\">&rarr;<\/span><\/a><\/p>\n","protected":false},"author":1,"featured_media":0,"parent":0,"menu_order":0,"comment_status":"closed","ping_status":"closed","template":"","meta":{"footnotes":""},"class_list":["post-18","page","type-page","status-publish","hentry"],"yoast_head":"<!-- This site is optimized with the Yoast SEO plugin v17.1 - https:\/\/yoast.com\/wordpress\/plugins\/seo\/ -->\n<title>Unser Service Kostenlos - Im U inn Berlin Hostel<\/title>\n<meta name=\"description\" content=\"Kostenloses W-LAN, Gep\u00e4ckaufbewahrung im Hostel, kostenlose City Touren, 24h Saubere und Warme Duschen, Abschliessbare Schr\u00e4nke in den Zimmern\" \/>\n<meta name=\"robots\" content=\"index, follow, max-snippet:-1, max-image-preview:large, max-video-preview:-1\" \/>\n<link rel=\"canonical\" href=\"https:\/\/uinnberlinhostel.com\/de\/service\/\" \/>\n<meta property=\"og:locale\" content=\"de_DE\" \/>\n<meta property=\"og:type\" content=\"article\" \/>\n<meta property=\"og:title\" content=\"Unser Service Kostenlos - Im U inn Berlin Hostel\" \/>\n<meta property=\"og:description\" content=\"Kostenloses W-LAN, Gep\u00e4ckaufbewahrung im Hostel, kostenlose City Touren, 24h Saubere und Warme Duschen, Abschliessbare Schr\u00e4nke in den Zimmern\" \/>\n<meta property=\"og:url\" content=\"https:\/\/uinnberlinhostel.com\/de\/service\/\" \/>\n<meta property=\"og:site_name\" content=\"U inn Berlin Hostel DE\" \/>\n<meta property=\"article:publisher\" content=\"https:\/\/www.facebook.com\/berlinhostel\" \/>\n<meta property=\"article:modified_time\" content=\"2022-11-22T09:50:34+00:00\" \/>\n<meta property=\"og:image\" content=\"https:\/\/uinnberlinhostel.com\/de\/wp-content\/uploads\/sites\/2\/2014\/04\/Hostel-Logo-2012-quadratisch-500px.jpg\" \/>\n\t<meta property=\"og:image:width\" content=\"500\" \/>\n\t<meta property=\"og:image:height\" content=\"500\" \/>\n<meta name=\"twitter:card\" content=\"summary\" \/>\n<meta name=\"twitter:site\" content=\"@uinnberlin\" \/>\n<meta name=\"twitter:label1\" content=\"Gesch\u00e4tzte Lesezeit\" \/>\n\t<meta name=\"twitter:data1\" content=\"2\u00a0Minuten\" \/>\n<script type=\"application\/ld+json\" class=\"yoast-schema-graph\">{\"@context\":\"https:\/\/schema.org\",\"@graph\":[{\"@type\":\"WebSite\",\"@id\":\"https:\/\/uinnberlinhostel.com\/de\/#website\",\"url\":\"https:\/\/uinnberlinhostel.com\/de\/\",\"name\":\"U inn Berlin Hostel DE\",\"description\":\"Dein preiswertes Hostel in Berlin Friedrichshian\",\"potentialAction\":[{\"@type\":\"SearchAction\",\"target\":{\"@type\":\"EntryPoint\",\"urlTemplate\":\"https:\/\/uinnberlinhostel.com\/de\/?s={search_term_string}\"},\"query-input\":\"required name=search_term_string\"}],\"inLanguage\":\"de\"},{\"@type\":\"WebPage\",\"@id\":\"https:\/\/uinnberlinhostel.com\/de\/service\/#webpage\",\"url\":\"https:\/\/uinnberlinhostel.com\/de\/service\/\",\"name\":\"Unser Service Kostenlos - Im U inn Berlin Hostel\",\"isPartOf\":{\"@id\":\"https:\/\/uinnberlinhostel.com\/de\/#website\"},\"datePublished\":\"2013-09-05T15:44:36+00:00\",\"dateModified\":\"2022-11-22T09:50:34+00:00\",\"description\":\"Kostenloses W-LAN, Gep\\u00e4ckaufbewahrung im Hostel, kostenlose City Touren, 24h Saubere und Warme Duschen, Abschliessbare Schr\\u00e4nke in den Zimmern\",\"breadcrumb\":{\"@id\":\"https:\/\/uinnberlinhostel.com\/de\/service\/#breadcrumb\"},\"inLanguage\":\"de\",\"potentialAction\":[{\"@type\":\"ReadAction\",\"target\":[\"https:\/\/uinnberlinhostel.com\/de\/service\/\"]}]},{\"@type\":\"BreadcrumbList\",\"@id\":\"https:\/\/uinnberlinhostel.com\/de\/service\/#breadcrumb\",\"itemListElement\":[{\"@type\":\"ListItem\",\"position\":1,\"name\":\"Home\",\"item\":\"https:\/\/uinnberlinhostel.com\/de\/\"},{\"@type\":\"ListItem\",\"position\":2,\"name\":\"Service\"}]}]}<\/script>\n<!-- \/ Yoast SEO plugin. -->","yoast_head_json":{"title":"Unser Service Kostenlos - Im U inn Berlin Hostel","description":"Kostenloses W-LAN, Gep\u00e4ckaufbewahrung im Hostel, kostenlose City Touren, 24h Saubere und Warme Duschen, Abschliessbare Schr\u00e4nke in den Zimmern","robots":{"index":"index","follow":"follow","max-snippet":"max-snippet:-1","max-image-preview":"max-image-preview:large","max-video-preview":"max-video-preview:-1"},"canonical":"https:\/\/uinnberlinhostel.com\/de\/service\/","og_locale":"de_DE","og_type":"article","og_title":"Unser Service Kostenlos - Im U inn Berlin Hostel","og_description":"Kostenloses W-LAN, Gep\u00e4ckaufbewahrung im Hostel, kostenlose City Touren, 24h Saubere und Warme Duschen, Abschliessbare Schr\u00e4nke in den Zimmern","og_url":"https:\/\/uinnberlinhostel.com\/de\/service\/","og_site_name":"U inn Berlin Hostel DE","article_publisher":"https:\/\/www.facebook.com\/berlinhostel","article_modified_time":"2022-11-22T09:50:34+00:00","og_image":[{"width":500,"height":500,"url":"https:\/\/uinnberlinhostel.com\/de\/wp-content\/uploads\/sites\/2\/2014\/04\/Hostel-Logo-2012-quadratisch-500px.jpg","path":"\/www\/htdocs\/w010b684\/uinnberlinhostel.com\/wp-content\/uploads\/sites\/2\/2014\/04\/Hostel-Logo-2012-quadratisch-500px.jpg","size":"full","id":149,"alt":"","pixels":250000,"type":"image\/jpeg"}],"twitter_card":"summary","twitter_site":"@uinnberlin","twitter_misc":{"Gesch\u00e4tzte Lesezeit":"2\u00a0Minuten"},"schema":{"@context":"https:\/\/schema.org","@graph":[{"@type":"WebSite","@id":"https:\/\/uinnberlinhostel.com\/de\/#website","url":"https:\/\/uinnberlinhostel.com\/de\/","name":"U inn Berlin Hostel DE","description":"Dein preiswertes Hostel in Berlin Friedrichshian","potentialAction":[{"@type":"SearchAction","target":{"@type":"EntryPoint","urlTemplate":"https:\/\/uinnberlinhostel.com\/de\/?s={search_term_string}"},"query-input":"required name=search_term_string"}],"inLanguage":"de"},{"@type":"WebPage","@id":"https:\/\/uinnberlinhostel.com\/de\/service\/#webpage","url":"https:\/\/uinnberlinhostel.com\/de\/service\/","name":"Unser Service Kostenlos - Im U inn Berlin Hostel","isPartOf":{"@id":"https:\/\/uinnberlinhostel.com\/de\/#website"},"datePublished":"2013-09-05T15:44:36+00:00","dateModified":"2022-11-22T09:50:34+00:00","description":"Kostenloses W-LAN, Gep\u00e4ckaufbewahrung im Hostel, kostenlose City Touren, 24h Saubere und Warme Duschen, Abschliessbare Schr\u00e4nke in den Zimmern","breadcrumb":{"@id":"https:\/\/uinnberlinhostel.com\/de\/service\/#breadcrumb"},"inLanguage":"de","potentialAction":[{"@type":"ReadAction","target":["https:\/\/uinnberlinhostel.com\/de\/service\/"]}]},{"@type":"BreadcrumbList","@id":"https:\/\/uinnberlinhostel.com\/de\/service\/#breadcrumb","itemListElement":[{"@type":"ListItem","position":1,"name":"Home","item":"https:\/\/uinnberlinhostel.com\/de\/"},{"@type":"ListItem","position":2,"name":"Service"}]}]}},"_links":{"self":[{"href":"https:\/\/uinnberlinhostel.com\/de\/wp-json\/wp\/v2\/pages\/18","targetHints":{"allow":["GET"]}}],"collection":[{"href":"https:\/\/uinnberlinhostel.com\/de\/wp-json\/wp\/v2\/pages"}],"about":[{"href":"https:\/\/uinnberlinhostel.com\/de\/wp-json\/wp\/v2\/types\/page"}],"author":[{"embeddable":true,"href":"https:\/\/uinnberlinhostel.com\/de\/wp-json\/wp\/v2\/users\/1"}],"replies":[{"embeddable":true,"href":"https:\/\/uinnberlinhostel.com\/de\/wp-json\/wp\/v2\/comments?post=18"}],"version-history":[{"count":15,"href":"https:\/\/uinnberlinhostel.com\/de\/wp-json\/wp\/v2\/pages\/18\/revisions"}],"predecessor-version":[{"id":421,"href":"https:\/\/uinnberlinhostel.com\/de\/wp-json\/wp\/v2\/pages\/18\/revisions\/421"}],"wp:attachment":[{"href":"https:\/\/uinnberlinhostel.com\/de\/wp-json\/wp\/v2\/media?parent=18"}],"curies":[{"name":"wp","href":"https:\/\/api.w.org\/{rel}","templated":true}]}}