{"id":10,"date":"2013-09-05T17:36:53","date_gmt":"2013-09-05T15:36:53","guid":{"rendered":"http:\/\/uinnberlinhostel.com\/de\/?page_id=10"},"modified":"2015-06-22T16:48:56","modified_gmt":"2015-06-22T14:48:56","slug":"hostel","status":"publish","type":"page","link":"https:\/\/uinnberlinhostel.com\/de\/","title":{"rendered":"Dein Hostel in Berlin Friedrichshain"},"content":{"rendered":"<p style=\"text-align: justify;\">Im U inn Berlin Hostel mitten im Szenekiez Berlin Friedrichshain umgeben von angesagten Caf\u00e8s, Bars, Kneipen,\u00a0trendigen Shops, Biol\u00e4den und Yoga-Studios und ein paar Hundert Meter entfernt von der &#8222;Berliner Club Stra\u00dfe&#8220; und nur 5 U-Bahn-Stationen entfernt vom Alexanderplatz, dem Reichstag oder dem Brandenburger Tor, erwarten Euch individuell von K\u00fcnstlern gestaltete Zimmer in einer freundlichen Atmosph\u00e4re. Bei einem guten Cappuccino k\u00f6nnt ihr in unserer Lounge im kostenlosem W-Lan den Tag planen oder in unserer urig deutschen K\u00fcche gemeinsam mit anderen Backpackern ein Essen zaubern.<\/p>\n<div class=\"sliderbox\">\n<p><a class=\"backward\">prev<\/a><a class=\"forward\">next<\/a><\/p>\n<div class=\"slides\">\n<div><img loading=\"lazy\" decoding=\"async\" src=\"..\/wp-content\/themes\/uinnberlinhostel\/images\/frontpage\/U_inn_Berlin_Hostel.jpg\" alt=\"U inn Berlin Hostel\" width=\"600\" height=\"300\" \/><\/div>\n<div><img loading=\"lazy\" decoding=\"async\" src=\"..\/wp-content\/themes\/uinnberlinhostel\/images\/frontpage\/U_inn_Berlin_Hostel_Dorm_Room.jpg\" alt=\"U inn Berlin Hostel Dorm Room\" width=\"600\" height=\"300\" \/><\/div>\n<div><img loading=\"lazy\" decoding=\"async\" src=\"..\/wp-content\/themes\/uinnberlinhostel\/images\/frontpage\/U_inn_Berlin_Hostel_Double_Room.jpg\" alt=\"U inn Berlin Hostel Double Room\" width=\"600\" height=\"300\" \/><\/div>\n<div><img loading=\"lazy\" decoding=\"async\" src=\"..\/wp-content\/themes\/uinnberlinhostel\/images\/frontpage\/U_inn_Berlin_Hostel_Private_Room.jpg\" alt=\"U inn Berlin Hostel Triple Room\" width=\"600\" height=\"300\" \/><\/div>\n<\/div>\n<div class=\"slidenav\"><a href=\"#\">1<\/a><a href=\"#\">2<\/a><a href=\"#\">3<\/a><a href=\"#\">4<\/a><\/div>\n<\/div>\n<p>Im U inn Berlin Hostel erwartet Euch nach langj\u00e4hriger Erfahrung noch immer der ehrliche Vibe<strong>,<\/strong> den man von einem Hostel mit Top Qualit\u00e4t erwartet.<br \/>\nUnsere Mitarbeiter kennen sich in Berlin bestens aus und werden Euch nicht in die n\u00e4chstbeste Touristenfalle laufen lassen. Unsere gem\u00fctlich ger\u00e4umigen Zimmer sind allesamt mit kostenlosem W-Lan, Leselampen und kostenfreien Spinden ausgestattet und unsere Holzbetten und hochwertige Matratzen bieten Geborgenheit nach durchzechten N\u00e4chten in den umliegenden Clubs. Zwar sind weder Junggesellinnen- Parties noch Pub-Crawls unser Stil, aber wir zeigen Euch gerne, wo das echte Berliner Nachtleben pulsiert.<\/p>\n<p style=\"text-align: justify;\">Wichtige Informationen zu der neuen <a title=\"\u00dcbernachtungssteuer die Berlin City Tax\" href=\"http:\/\/uinnberlinhostel.com\/de\/berlin-city-tax\/\">Berliner \u00dcbernachtungssteuer (CityTax)<\/a><\/p>\n<p style=\"text-align: justify;\"><a title=\"U inn The World\" href=\"http:\/\/uinnberlinhostel.com\/de\/service\/#Umweltbeitrag\">Mehr zu unserem Umweltbeitrag<\/a><\/p>\n","protected":false},"excerpt":{"rendered":"<p>Im U inn Berlin Hostel mitten im Szenekiez Berlin Friedrichshain umgeben von angesagten Caf\u00e8s, Bars, Kneipen,\u00a0trendigen Shops, Biol\u00e4den und Yoga-Studios und ein paar Hundert Meter entfernt von der &#8222;Berliner Club Stra\u00dfe&#8220; und nur 5 U-Bahn-Stationen entfernt vom Alexanderplatz, dem Reichstag &hellip; <a href=\"https:\/\/uinnberlinhostel.com\/de\/\">Weiterlesen <span class=\"meta-nav\">&rarr;<\/span><\/a><\/p>\n","protected":false},"author":1,"featured_media":95,"parent":0,"menu_order":0,"comment_status":"closed","ping_status":"closed","template":"","meta":{"footnotes":""},"class_list":["post-10","page","type-page","status-publish","has-post-thumbnail","hentry"],"yoast_head":"<!-- This site is optimized with the Yoast SEO plugin v17.1 - https:\/\/yoast.com\/wordpress\/plugins\/seo\/ -->\n<title>U inn Berlin Hostel. Dein g\u00fcnstiges Hostel in Berlin Friedrichshain<\/title>\n<meta name=\"description\" content=\"Das U inn Berlin Hostel und Hotel im Szenebezirk Friedrichshain - Kreuzberg. G\u00fcnstige Einzel und Mehrbettzimmer ab 9,95\u20ac Preiswert \u00fcbernachten in Berlin\" \/>\n<meta name=\"robots\" content=\"index, follow, max-snippet:-1, max-image-preview:large, max-video-preview:-1\" \/>\n<link rel=\"canonical\" href=\"https:\/\/uinnberlinhostel.com\/de\/\" \/>\n<meta property=\"og:locale\" content=\"de_DE\" \/>\n<meta property=\"og:type\" content=\"article\" \/>\n<meta property=\"og:title\" content=\"U inn Berlin Hostel. Dein g\u00fcnstiges Hostel in Berlin Friedrichshain\" \/>\n<meta property=\"og:description\" content=\"Das U inn Berlin Hostel und Hotel im Szenebezirk Friedrichshain - Kreuzberg. G\u00fcnstige Einzel und Mehrbettzimmer ab 9,95\u20ac Preiswert \u00fcbernachten in Berlin\" \/>\n<meta property=\"og:url\" content=\"https:\/\/uinnberlinhostel.com\/de\/\" \/>\n<meta property=\"og:site_name\" content=\"U inn Berlin Hostel DE\" \/>\n<meta property=\"article:publisher\" content=\"https:\/\/www.facebook.com\/berlinhostel\" \/>\n<meta property=\"article:modified_time\" content=\"2015-06-22T14:48:56+00:00\" \/>\n<meta property=\"og:image\" content=\"https:\/\/uinnberlinhostel.com\/de\/wp-content\/uploads\/sites\/2\/2013\/09\/MG_0521_klein.jpg\" \/>\n\t<meta property=\"og:image:width\" content=\"1200\" \/>\n\t<meta property=\"og:image:height\" content=\"800\" \/>\n<meta name=\"twitter:card\" content=\"summary\" \/>\n<meta name=\"twitter:site\" content=\"@uinnberlin\" \/>\n<meta name=\"twitter:label1\" content=\"Gesch\u00e4tzte Lesezeit\" \/>\n\t<meta name=\"twitter:data1\" content=\"1\u00a0Minute\" \/>\n<script type=\"application\/ld+json\" class=\"yoast-schema-graph\">{\"@context\":\"https:\/\/schema.org\",\"@graph\":[{\"@type\":\"WebSite\",\"@id\":\"https:\/\/uinnberlinhostel.com\/de\/#website\",\"url\":\"https:\/\/uinnberlinhostel.com\/de\/\",\"name\":\"U inn Berlin Hostel DE\",\"description\":\"Dein preiswertes Hostel in Berlin Friedrichshian\",\"potentialAction\":[{\"@type\":\"SearchAction\",\"target\":{\"@type\":\"EntryPoint\",\"urlTemplate\":\"https:\/\/uinnberlinhostel.com\/de\/?s={search_term_string}\"},\"query-input\":\"required name=search_term_string\"}],\"inLanguage\":\"de\"},{\"@type\":\"ImageObject\",\"@id\":\"https:\/\/uinnberlinhostel.com\/de\/#primaryimage\",\"inLanguage\":\"de\",\"url\":\"https:\/\/uinnberlinhostel.com\/de\/wp-content\/uploads\/sites\/2\/2013\/09\/MG_0521_klein.jpg\",\"contentUrl\":\"https:\/\/uinnberlinhostel.com\/de\/wp-content\/uploads\/sites\/2\/2013\/09\/MG_0521_klein.jpg\",\"width\":1200,\"height\":800},{\"@type\":\"WebPage\",\"@id\":\"https:\/\/uinnberlinhostel.com\/de\/#webpage\",\"url\":\"https:\/\/uinnberlinhostel.com\/de\/\",\"name\":\"U inn Berlin Hostel. Dein g\\u00fcnstiges Hostel in Berlin Friedrichshain\",\"isPartOf\":{\"@id\":\"https:\/\/uinnberlinhostel.com\/de\/#website\"},\"primaryImageOfPage\":{\"@id\":\"https:\/\/uinnberlinhostel.com\/de\/#primaryimage\"},\"datePublished\":\"2013-09-05T15:36:53+00:00\",\"dateModified\":\"2015-06-22T14:48:56+00:00\",\"description\":\"Das U inn Berlin Hostel und Hotel im Szenebezirk Friedrichshain - Kreuzberg. G\\u00fcnstige Einzel und Mehrbettzimmer ab 9,95\\u20ac Preiswert \\u00fcbernachten in Berlin\",\"breadcrumb\":{\"@id\":\"https:\/\/uinnberlinhostel.com\/de\/#breadcrumb\"},\"inLanguage\":\"de\",\"potentialAction\":[{\"@type\":\"ReadAction\",\"target\":[\"https:\/\/uinnberlinhostel.com\/de\/\"]}]},{\"@type\":\"BreadcrumbList\",\"@id\":\"https:\/\/uinnberlinhostel.com\/de\/#breadcrumb\",\"itemListElement\":[{\"@type\":\"ListItem\",\"position\":1,\"name\":\"Home\",\"item\":\"https:\/\/uinnberlinhostel.com\/de\/\"},{\"@type\":\"ListItem\",\"position\":2,\"name\":\"Dein Hostel in Berlin Friedrichshain\"}]}]}<\/script>\n<!-- \/ Yoast SEO plugin. -->","yoast_head_json":{"title":"U inn Berlin Hostel. Dein g\u00fcnstiges Hostel in Berlin Friedrichshain","description":"Das U inn Berlin Hostel und Hotel im Szenebezirk Friedrichshain - Kreuzberg. G\u00fcnstige Einzel und Mehrbettzimmer ab 9,95\u20ac Preiswert \u00fcbernachten in Berlin","robots":{"index":"index","follow":"follow","max-snippet":"max-snippet:-1","max-image-preview":"max-image-preview:large","max-video-preview":"max-video-preview:-1"},"canonical":"https:\/\/uinnberlinhostel.com\/de\/","og_locale":"de_DE","og_type":"article","og_title":"U inn Berlin Hostel. Dein g\u00fcnstiges Hostel in Berlin Friedrichshain","og_description":"Das U inn Berlin Hostel und Hotel im Szenebezirk Friedrichshain - Kreuzberg. G\u00fcnstige Einzel und Mehrbettzimmer ab 9,95\u20ac Preiswert \u00fcbernachten in Berlin","og_url":"https:\/\/uinnberlinhostel.com\/de\/","og_site_name":"U inn Berlin Hostel DE","article_publisher":"https:\/\/www.facebook.com\/berlinhostel","article_modified_time":"2015-06-22T14:48:56+00:00","og_image":[{"width":1200,"height":800,"url":"https:\/\/uinnberlinhostel.com\/de\/wp-content\/uploads\/sites\/2\/2013\/09\/MG_0521_klein.jpg","path":"\/www\/htdocs\/w010b684\/uinnberlinhostel.com\/wp-content\/uploads\/sites\/2\/2013\/09\/MG_0521_klein.jpg","size":"full","id":95,"alt":"","pixels":960000,"type":"image\/jpeg"}],"twitter_card":"summary","twitter_site":"@uinnberlin","twitter_misc":{"Gesch\u00e4tzte Lesezeit":"1\u00a0Minute"},"schema":{"@context":"https:\/\/schema.org","@graph":[{"@type":"WebSite","@id":"https:\/\/uinnberlinhostel.com\/de\/#website","url":"https:\/\/uinnberlinhostel.com\/de\/","name":"U inn Berlin Hostel DE","description":"Dein preiswertes Hostel in Berlin Friedrichshian","potentialAction":[{"@type":"SearchAction","target":{"@type":"EntryPoint","urlTemplate":"https:\/\/uinnberlinhostel.com\/de\/?s={search_term_string}"},"query-input":"required name=search_term_string"}],"inLanguage":"de"},{"@type":"ImageObject","@id":"https:\/\/uinnberlinhostel.com\/de\/#primaryimage","inLanguage":"de","url":"https:\/\/uinnberlinhostel.com\/de\/wp-content\/uploads\/sites\/2\/2013\/09\/MG_0521_klein.jpg","contentUrl":"https:\/\/uinnberlinhostel.com\/de\/wp-content\/uploads\/sites\/2\/2013\/09\/MG_0521_klein.jpg","width":1200,"height":800},{"@type":"WebPage","@id":"https:\/\/uinnberlinhostel.com\/de\/#webpage","url":"https:\/\/uinnberlinhostel.com\/de\/","name":"U inn Berlin Hostel. Dein g\u00fcnstiges Hostel in Berlin Friedrichshain","isPartOf":{"@id":"https:\/\/uinnberlinhostel.com\/de\/#website"},"primaryImageOfPage":{"@id":"https:\/\/uinnberlinhostel.com\/de\/#primaryimage"},"datePublished":"2013-09-05T15:36:53+00:00","dateModified":"2015-06-22T14:48:56+00:00","description":"Das U inn Berlin Hostel und Hotel im Szenebezirk Friedrichshain - Kreuzberg. G\u00fcnstige Einzel und Mehrbettzimmer ab 9,95\u20ac Preiswert \u00fcbernachten in Berlin","breadcrumb":{"@id":"https:\/\/uinnberlinhostel.com\/de\/#breadcrumb"},"inLanguage":"de","potentialAction":[{"@type":"ReadAction","target":["https:\/\/uinnberlinhostel.com\/de\/"]}]},{"@type":"BreadcrumbList","@id":"https:\/\/uinnberlinhostel.com\/de\/#breadcrumb","itemListElement":[{"@type":"ListItem","position":1,"name":"Home","item":"https:\/\/uinnberlinhostel.com\/de\/"},{"@type":"ListItem","position":2,"name":"Dein Hostel in Berlin Friedrichshain"}]}]}},"_links":{"self":[{"href":"https:\/\/uinnberlinhostel.com\/de\/wp-json\/wp\/v2\/pages\/10","targetHints":{"allow":["GET"]}}],"collection":[{"href":"https:\/\/uinnberlinhostel.com\/de\/wp-json\/wp\/v2\/pages"}],"about":[{"href":"https:\/\/uinnberlinhostel.com\/de\/wp-json\/wp\/v2\/types\/page"}],"author":[{"embeddable":true,"href":"https:\/\/uinnberlinhostel.com\/de\/wp-json\/wp\/v2\/users\/1"}],"replies":[{"embeddable":true,"href":"https:\/\/uinnberlinhostel.com\/de\/wp-json\/wp\/v2\/comments?post=10"}],"version-history":[{"count":14,"href":"https:\/\/uinnberlinhostel.com\/de\/wp-json\/wp\/v2\/pages\/10\/revisions"}],"predecessor-version":[{"id":279,"href":"https:\/\/uinnberlinhostel.com\/de\/wp-json\/wp\/v2\/pages\/10\/revisions\/279"}],"wp:featuredmedia":[{"embeddable":true,"href":"https:\/\/uinnberlinhostel.com\/de\/wp-json\/wp\/v2\/media\/95"}],"wp:attachment":[{"href":"https:\/\/uinnberlinhostel.com\/de\/wp-json\/wp\/v2\/media?parent=10"}],"curies":[{"name":"wp","href":"https:\/\/api.w.org\/{rel}","templated":true}]}}